{"id":2396,"date":"2014-06-09T19:44:25","date_gmt":"2014-06-09T17:44:25","guid":{"rendered":"http:\/\/212.201.36.177\/~kopfgraetsche\/?page_id=2396"},"modified":"2021-01-15T23:06:37","modified_gmt":"2021-01-15T22:06:37","slug":"shop","status":"publish","type":"page","link":"http:\/\/kopfgraetsche.de\/?page_id=2396","title":{"rendered":"Shop"},"content":{"rendered":"<p><a href=\"http:\/\/212.201.36.177\/~kopfgraetsche\/wp-content\/uploads\/2014\/06\/20140609_Kopfgr\u00e4tsche-Shop.jpg\"><img loading=\"lazy\" decoding=\"async\" data-attachment-id=\"2399\" data-permalink=\"http:\/\/kopfgraetsche.de\/?attachment_id=2399\" data-orig-file=\"http:\/\/kopfgraetsche.de\/wp-content\/uploads\/2014\/06\/20140609_Kopfgr\u00e4tsche-Shop.jpg\" data-orig-size=\"2600,1463\" data-comments-opened=\"0\" data-image-meta=\"{&quot;aperture&quot;:&quot;0&quot;,&quot;credit&quot;:&quot;&quot;,&quot;camera&quot;:&quot;&quot;,&quot;caption&quot;:&quot;&quot;,&quot;created_timestamp&quot;:&quot;0&quot;,&quot;copyright&quot;:&quot;&quot;,&quot;focal_length&quot;:&quot;0&quot;,&quot;iso&quot;:&quot;0&quot;,&quot;shutter_speed&quot;:&quot;0&quot;,&quot;title&quot;:&quot;&quot;}\" data-image-title=\"20140609_Kopfgr\u00e4tsche-Shop\" data-image-description=\"\" data-image-caption=\"\" data-medium-file=\"http:\/\/kopfgraetsche.de\/wp-content\/uploads\/2014\/06\/20140609_Kopfgr\u00e4tsche-Shop-300x168.jpg\" data-large-file=\"http:\/\/kopfgraetsche.de\/wp-content\/uploads\/2014\/06\/20140609_Kopfgr\u00e4tsche-Shop-1024x576.jpg\" class=\"aligncenter size-full wp-image-2399\" src=\"http:\/\/212.201.36.177\/~kopfgraetsche\/wp-content\/uploads\/2014\/06\/20140609_Kopfgr\u00e4tsche-Shop.jpg\" alt=\"20140609_Kopfgr\u00e4tsche-Shop\" width=\"2600\" height=\"1463\" srcset=\"http:\/\/kopfgraetsche.de\/wp-content\/uploads\/2014\/06\/20140609_Kopfgr\u00e4tsche-Shop.jpg 2600w, http:\/\/kopfgraetsche.de\/wp-content\/uploads\/2014\/06\/20140609_Kopfgr\u00e4tsche-Shop-300x168.jpg 300w, http:\/\/kopfgraetsche.de\/wp-content\/uploads\/2014\/06\/20140609_Kopfgr\u00e4tsche-Shop-1024x576.jpg 1024w, http:\/\/kopfgraetsche.de\/wp-content\/uploads\/2014\/06\/20140609_Kopfgr\u00e4tsche-Shop-500x281.jpg 500w\" sizes=\"auto, (max-width: 2600px) 100vw, 2600px\" \/><\/a>Shop?! &#8211; Wollen die Jungs von <a href=\"http:\/\/www.kopfgr\u00e4tsche.de\">kopfgr\u00e4tsche.de<\/a> jetzt Knete machen? Nein. Wir wollen nur unseren Spa\u00df. Und euren. Und dabei sollte man immer gut angezogen sein.<br \/>\nIn diesem <a href=\"https:\/\/shop.spreadshirt.de\/277175\/\" target=\"_blank\" rel=\"noopener noreferrer\">Spreadshirt-Shop<\/a> k\u00f6nnt ihr rumst\u00f6bern und eine neue Freizeit-Uniform zusammenstellen: Trikots, Trainingsjacken und selbst schicke Turnbeutel &#8211; alles dabei.<\/p>\n<p>So k\u00f6nnt ihr jetzt nicht nur <a title=\"Fu\u00dfball ist unser Kleben\" href=\"http:\/\/212.201.36.177\/~kopfgraetsche\/?p=1992\" target=\"_blank\" rel=\"noopener noreferrer\">per Aufkleber<\/a> beweisen, dass ihr <a title=\"Fahrrad (Ich bin ein Kopfgr\u00e4tscher)\" href=\"http:\/\/212.201.36.177\/~kopfgraetsche\/?p=2294\" target=\"_blank\" rel=\"noopener noreferrer\">#kopfgr\u00e4tscher<\/a> seid. Einfach bestellen. Paket \u00f6ffnen. Klamotte anziehen und vollschwitzen.<\/p>\n","protected":false},"excerpt":{"rendered":"<p>Shop?! &#8211; Wollen die Jungs von kopfgr\u00e4tsche.de jetzt Knete machen? Nein. Wir wollen nur unseren Spa\u00df. Und euren. Und dabei sollte man immer gut angezogen sein. In diesem Spreadshirt-Shop k\u00f6nnt ihr rumst\u00f6bern und eine neue Freizeit-Uniform zusammenstellen: Trikots, Trainingsjacken und &hellip; <a href=\"http:\/\/kopfgraetsche.de\/?page_id=2396\">Weiterlesen <span class=\"meta-nav\">&rarr;<\/span><\/a><\/p>\n","protected":false},"author":2,"featured_media":0,"parent":0,"menu_order":3,"comment_status":"closed","ping_status":"open","template":"","meta":{"jetpack_post_was_ever_published":false,"footnotes":""},"class_list":["post-2396","page","type-page","status-publish","hentry"],"jetpack_sharing_enabled":true,"jetpack_shortlink":"https:\/\/wp.me\/PdIOD5-CE","jetpack_likes_enabled":true,"jetpack-related-posts":[{"id":2,"url":"http:\/\/kopfgraetsche.de\/?page_id=2","url_meta":{"origin":2396,"position":0},"title":"Was soll das hier?","author":"admin","date":"26. April 2012","format":false,"excerpt":"Ein neu zusammengew\u00fcrfeltes Team gewinnt auch nicht gleich alles. Genauso wird dieser Blog auch noch ein bisschen brauchen. Aber der Ansto\u00df ist vollbracht. Der Ball ist im Spiel! Wir wollen unsere Spielkultur konservieren. J\u00fcrgens Mails und Christophs Fotos werden hier St\u00fcck f\u00fcr St\u00fcck erscheinen. Aber auch interessante neue Ank\u00fcndigen werden\u2026","rel":"","context":"\u00c4hnlicher Beitrag","block_context":{"text":"\u00c4hnlicher Beitrag","link":""},"img":{"alt_text":"","src":"","width":0,"height":0},"classes":[]},{"id":5960,"url":"http:\/\/kopfgraetsche.de\/?page_id=5960","url_meta":{"origin":2396,"position":1},"title":"Datenschutzerkl\u00e4rung","author":"admin","date":"24. Mai 2018","format":false,"excerpt":"1. Datenschutz auf einen Blick Allgemeine Hinweise Die folgenden Hinweise geben einen einfachen \u00dcberblick dar\u00fcber, was mit Ihren personenbezogenen Daten passiert, wenn Sie unsere Website besuchen. Personenbezogene Daten sind alle Daten, mit denen Sie pers\u00f6nlich identifiziert werden k\u00f6nnen. Ausf\u00fchrliche Informationen zum Thema Datenschutz entnehmen Sie unserer unter diesem Text aufgef\u00fchrten\u2026","rel":"","context":"\u00c4hnlicher Beitrag","block_context":{"text":"\u00c4hnlicher Beitrag","link":""},"img":{"alt_text":"","src":"","width":0,"height":0},"classes":[]}],"_links":{"self":[{"href":"http:\/\/kopfgraetsche.de\/index.php?rest_route=\/wp\/v2\/pages\/2396","targetHints":{"allow":["GET"]}}],"collection":[{"href":"http:\/\/kopfgraetsche.de\/index.php?rest_route=\/wp\/v2\/pages"}],"about":[{"href":"http:\/\/kopfgraetsche.de\/index.php?rest_route=\/wp\/v2\/types\/page"}],"author":[{"embeddable":true,"href":"http:\/\/kopfgraetsche.de\/index.php?rest_route=\/wp\/v2\/users\/2"}],"replies":[{"embeddable":true,"href":"http:\/\/kopfgraetsche.de\/index.php?rest_route=%2Fwp%2Fv2%2Fcomments&post=2396"}],"version-history":[{"count":5,"href":"http:\/\/kopfgraetsche.de\/index.php?rest_route=\/wp\/v2\/pages\/2396\/revisions"}],"predecessor-version":[{"id":7325,"href":"http:\/\/kopfgraetsche.de\/index.php?rest_route=\/wp\/v2\/pages\/2396\/revisions\/7325"}],"wp:attachment":[{"href":"http:\/\/kopfgraetsche.de\/index.php?rest_route=%2Fwp%2Fv2%2Fmedia&parent=2396"}],"curies":[{"name":"wp","href":"https:\/\/api.w.org\/{rel}","templated":true}]}}