{"id":2,"date":"2012-04-26T15:10:45","date_gmt":"2012-04-26T15:10:45","guid":{"rendered":"http:\/\/212.201.36.177\/~kopfgraetsche\/?page_id=2"},"modified":"2012-05-02T20:33:54","modified_gmt":"2012-05-02T20:33:54","slug":"beispiel-seite","status":"publish","type":"page","link":"http:\/\/kopfgraetsche.de\/?page_id=2","title":{"rendered":"Was soll das hier?"},"content":{"rendered":"<p>Ein neu zusammengew\u00fcrfeltes Team gewinnt auch nicht gleich alles. Genauso wird dieser Blog auch noch ein bisschen brauchen. Aber der Ansto\u00df ist vollbracht. Der Ball ist im Spiel!<\/p>\n<p>Wir wollen unsere Spielkultur konservieren. J\u00fcrgens Mails und Christophs Fotos werden hier St\u00fcck f\u00fcr St\u00fcck erscheinen. Aber auch interessante neue Ank\u00fcndigen werden hier zu finden sein. Von daher: Es wird sich lohnen, hin und wieder auf diese Seite zu schauen.<\/p>\n<p>Einer der Gr\u00fcnde f\u00fcr dieses neue Blog ist ein Artikel von Sasha Lobo: &#8222;<a title=\"Euer Internet ist nur geborgt\" href=\"http:\/\/www.spiegel.de\/netzwelt\/web\/0,1518,827995,00.html\" target=\"_blank\">Euer Internet ist nur geborgt<\/a>&#8222;. Darin wird nur nochmal deutlich, dass Facebook und Co. mitnichten eine geeignetes Archiv f\u00fcr die guten alten Erinnerungen ist. Dazu kommt noch, dass Facebook unsere Texte und Fotos geh\u00f6ren. Darum wird es in Zukunft keine Fotos mehr in der Facebook-Gruppe &#8222;<a title=\"Gruppe &quot;Football H7&quot; in Facebook\" href=\"https:\/\/www.facebook.com\/groups\/58916053589\/\" target=\"_blank\">Football H7<\/a>&#8220; geben. Daf\u00fcr aber hier.<\/p>\n<p>In den n\u00e4chsten Wochen wird St\u00fcck f\u00fcr St\u00fcck an diesem Blog weitergearbeitet. Und irgendwann wird der Ball richtig rollen. Aber zu gewinnen gibt es nichts. Es geht um den Spass. Genau wie unser Spiel.<\/p>\n","protected":false},"excerpt":{"rendered":"<p>Ein neu zusammengew\u00fcrfeltes Team gewinnt auch nicht gleich alles. Genauso wird dieser Blog auch noch ein bisschen brauchen. Aber der Ansto\u00df ist vollbracht. Der Ball ist im Spiel! Wir wollen unsere Spielkultur konservieren. J\u00fcrgens Mails und Christophs Fotos werden hier &hellip; <a href=\"http:\/\/kopfgraetsche.de\/?page_id=2\">Weiterlesen <span class=\"meta-nav\">&rarr;<\/span><\/a><\/p>\n","protected":false},"author":1,"featured_media":0,"parent":0,"menu_order":0,"comment_status":"open","ping_status":"open","template":"","meta":{"jetpack_post_was_ever_published":false,"footnotes":""},"class_list":["post-2","page","type-page","status-publish","hentry"],"jetpack_sharing_enabled":true,"jetpack_shortlink":"https:\/\/wp.me\/PdIOD5-2","jetpack_likes_enabled":true,"jetpack-related-posts":[{"id":5960,"url":"http:\/\/kopfgraetsche.de\/?page_id=5960","url_meta":{"origin":2,"position":0},"title":"Datenschutzerkl\u00e4rung","author":"admin","date":"24. Mai 2018","format":false,"excerpt":"1. Datenschutz auf einen Blick Allgemeine Hinweise Die folgenden Hinweise geben einen einfachen \u00dcberblick dar\u00fcber, was mit Ihren personenbezogenen Daten passiert, wenn Sie unsere Website besuchen. Personenbezogene Daten sind alle Daten, mit denen Sie pers\u00f6nlich identifiziert werden k\u00f6nnen. Ausf\u00fchrliche Informationen zum Thema Datenschutz entnehmen Sie unserer unter diesem Text aufgef\u00fchrten\u2026","rel":"","context":"\u00c4hnlicher Beitrag","block_context":{"text":"\u00c4hnlicher Beitrag","link":""},"img":{"alt_text":"","src":"","width":0,"height":0},"classes":[]},{"id":2396,"url":"http:\/\/kopfgraetsche.de\/?page_id=2396","url_meta":{"origin":2,"position":1},"title":"Shop","author":"cw","date":"9. Juni 2014","format":false,"excerpt":"Shop?! - Wollen die Jungs von kopfgr\u00e4tsche.de jetzt Knete machen? Nein. Wir wollen nur unseren Spa\u00df. Und euren. Und dabei sollte man immer gut angezogen sein. In diesem Spreadshirt-Shop k\u00f6nnt ihr rumst\u00f6bern und eine neue Freizeit-Uniform zusammenstellen: Trikots, Trainingsjacken und selbst schicke Turnbeutel - alles dabei. So k\u00f6nnt ihr jetzt\u2026","rel":"","context":"\u00c4hnlicher Beitrag","block_context":{"text":"\u00c4hnlicher Beitrag","link":""},"img":{"alt_text":"20140609_Kopfgr\u00c3\u00a4tsche-Shop","src":"https:\/\/i0.wp.com\/212.201.36.177\/~kopfgraetsche\/wp-content\/uploads\/2014\/06\/20140609_Kopfgr\u00c3\u00a4tsche-Shop.jpg?resize=350%2C200","width":350,"height":200,"srcset":"https:\/\/i0.wp.com\/212.201.36.177\/~kopfgraetsche\/wp-content\/uploads\/2014\/06\/20140609_Kopfgr\u00c3\u00a4tsche-Shop.jpg?resize=350%2C200 1x, https:\/\/i0.wp.com\/212.201.36.177\/~kopfgraetsche\/wp-content\/uploads\/2014\/06\/20140609_Kopfgr\u00c3\u00a4tsche-Shop.jpg?resize=700%2C400 2x, https:\/\/i0.wp.com\/212.201.36.177\/~kopfgraetsche\/wp-content\/uploads\/2014\/06\/20140609_Kopfgr\u00c3\u00a4tsche-Shop.jpg?resize=1050%2C600 3x, https:\/\/i0.wp.com\/212.201.36.177\/~kopfgraetsche\/wp-content\/uploads\/2014\/06\/20140609_Kopfgr\u00c3\u00a4tsche-Shop.jpg?resize=1400%2C800 4x"},"classes":[]}],"_links":{"self":[{"href":"http:\/\/kopfgraetsche.de\/index.php?rest_route=\/wp\/v2\/pages\/2","targetHints":{"allow":["GET"]}}],"collection":[{"href":"http:\/\/kopfgraetsche.de\/index.php?rest_route=\/wp\/v2\/pages"}],"about":[{"href":"http:\/\/kopfgraetsche.de\/index.php?rest_route=\/wp\/v2\/types\/page"}],"author":[{"embeddable":true,"href":"http:\/\/kopfgraetsche.de\/index.php?rest_route=\/wp\/v2\/users\/1"}],"replies":[{"embeddable":true,"href":"http:\/\/kopfgraetsche.de\/index.php?rest_route=%2Fwp%2Fv2%2Fcomments&post=2"}],"version-history":[{"count":4,"href":"http:\/\/kopfgraetsche.de\/index.php?rest_route=\/wp\/v2\/pages\/2\/revisions"}],"predecessor-version":[{"id":61,"href":"http:\/\/kopfgraetsche.de\/index.php?rest_route=\/wp\/v2\/pages\/2\/revisions\/61"}],"wp:attachment":[{"href":"http:\/\/kopfgraetsche.de\/index.php?rest_route=%2Fwp%2Fv2%2Fmedia&parent=2"}],"curies":[{"name":"wp","href":"https:\/\/api.w.org\/{rel}","templated":true}]}}